{"id":116,"date":"2025-10-20T12:43:42","date_gmt":"2025-10-20T12:43:42","guid":{"rendered":"https:\/\/www.roadside.vision\/indexseite-hauptseite\/"},"modified":"2026-03-26T14:01:08","modified_gmt":"2026-03-26T14:01:08","slug":"indexseite-hauptseite","status":"publish","type":"page","link":"https:\/\/www.roadside.vision\/de\/","title":{"rendered":"Indexseite (Hauptseite)"},"content":{"rendered":"\n<div class=\"wp-block-group alignfull is-style-section-5 has-global-padding is-layout-constrained wp-block-group-is-layout-constrained is-style-section-5--1\" style=\"margin-top:0;margin-bottom:0;padding-top:var(--wp--preset--spacing--60);padding-bottom:var(--wp--preset--spacing--60)\">\n<div class=\"wp-block-columns alignwide is-layout-flex wp-container-core-columns-is-layout-643ced6b wp-block-columns-is-layout-flex\">\n<div class=\"wp-block-column is-layout-flow wp-block-column-is-layout-flow\" style=\"flex-basis:40%\">\n<div class=\"wp-block-cover\"><img loading=\"lazy\" decoding=\"async\" width=\"420\" height=\"138\" class=\"wp-block-cover__image-background wp-image-17\" alt=\"\" src=\"https:\/\/www.roadside.vision\/wp-content\/uploads\/2025\/10\/Snimek-obrazovky-2025-10-17-v-8.55.38.png\" style=\"object-position:32% 66%\" data-object-fit=\"cover\" data-object-position=\"32% 66%\" srcset=\"https:\/\/www.roadside.vision\/wp-content\/uploads\/2025\/10\/Snimek-obrazovky-2025-10-17-v-8.55.38.png 420w, https:\/\/www.roadside.vision\/wp-content\/uploads\/2025\/10\/Snimek-obrazovky-2025-10-17-v-8.55.38-300x99.png 300w\" sizes=\"auto, (max-width: 420px) 100vw, 420px\" \/><span aria-hidden=\"true\" class=\"wp-block-cover__background has-background-dim-60 has-background-dim\"><\/span><div class=\"wp-block-cover__inner-container is-layout-flow wp-block-cover-is-layout-flow\">\n<figure class=\"wp-block-image size-large\"><img loading=\"lazy\" decoding=\"async\" width=\"1024\" height=\"365\" src=\"https:\/\/www.roadside.vision\/wp-content\/uploads\/2025\/10\/roadside-vision_logo-lockup_green-white_safe-space-1024x365.png\" alt=\"\" class=\"wp-image-47\" srcset=\"https:\/\/www.roadside.vision\/wp-content\/uploads\/2025\/10\/roadside-vision_logo-lockup_green-white_safe-space-1024x365.png 1024w, https:\/\/www.roadside.vision\/wp-content\/uploads\/2025\/10\/roadside-vision_logo-lockup_green-white_safe-space-300x107.png 300w, https:\/\/www.roadside.vision\/wp-content\/uploads\/2025\/10\/roadside-vision_logo-lockup_green-white_safe-space-768x273.png 768w, https:\/\/www.roadside.vision\/wp-content\/uploads\/2025\/10\/roadside-vision_logo-lockup_green-white_safe-space-1536x547.png 1536w, https:\/\/www.roadside.vision\/wp-content\/uploads\/2025\/10\/roadside-vision_logo-lockup_green-white_safe-space-2048x729.png 2048w\" sizes=\"auto, (max-width: 1024px) 100vw, 1024px\" \/><\/figure>\n\n\n\n<p class=\"has-text-align-center has-large-font-size\"><\/p>\n<\/div><\/div>\n<\/div>\n\n\n\n<div class=\"wp-block-column is-vertically-aligned-center is-layout-flow wp-container-core-column-is-layout-119bc444 wp-block-column-is-layout-flow\" style=\"flex-basis:60%\">\n<h2 class=\"wp-block-heading has-xx-large-font-size\"><strong>Aktueller Zustand der Vegetation in Rekordzeit<\/strong><\/h2>\n\n\n\n<p class=\"has-medium-font-size\">Roadside.vision erfasst und bewertet B\u00e4ume mithilfe von <strong>Fernerkundungsmitteln<\/strong> (Kamera\/Lidar auf dem Auto) oder einer vorhandenen <strong>Datenbank mit Panoramaaufnahmen von Stra\u00dfen<\/strong> (\u00e4hnlich wie Google Street View). Die Analyse erfolgt <strong>schnell und zuverl\u00e4ssig durch KI<\/strong> dank maschinellem Lernen. Es handelt sich um eine sehr schnelle L\u00f6sung, ein Bonus ist auch <strong>ein transparenter Preis pro Stra\u00dfenkilometer, nicht pro Anzahl der B\u00e4ume.<\/strong>  <\/p>\n\n\n\n<div class=\"wp-block-group has-medium-font-size is-nowrap is-layout-flex wp-container-core-group-is-layout-6c531013 wp-block-group-is-layout-flex\">\n<ul class=\"wp-block-list\">\n<li><strong>Einfache Arbeitsplanung<\/strong> f\u00fcr die Gr\u00fcnfl\u00e4chenverwaltung <\/li>\n\n\n\n<li>Rechtzeitige Pflege von <strong>Risikob\u00e4umen<\/strong> f\u00fcr die Stra\u00dfenverwaltung <\/li>\n\n\n\n<li>G\u00fcnstiges und schnelles <strong>Gr\u00fcnfl\u00e4chenverzeichnis<\/strong> f\u00fcr St\u00e4dte<\/li>\n<\/ul>\n<\/div>\n\n\n\n<p class=\"has-medium-font-size\">Wir erfassen und identifizieren einzelne B\u00e4ume in Stra\u00dfenn\u00e4he mit nahezu 100%iger Sicherheit, in Gemeinden liegt unsere Erfolgsquote bei 90%. <\/p>\n\n\n\n<div class=\"wp-block-group is-vertical is-layout-flex wp-container-core-group-is-layout-41e20069 wp-block-group-is-layout-flex\">\n<div class=\"wp-block-group is-layout-flex wp-block-group-is-layout-flex\">\n<p class=\"is-style-text-annotation has-border-color has-background has-small-font-size is-style-text-annotation--2\" style=\"border-color:#008540;border-width:7px;background-color:#008540\"><a href=\"https:\/\/www.roadside.vision\/ukazky\/\" data-type=\"page\" data-id=\"63\" target=\"_blank\" rel=\"noreferrer noopener\">\u00dcberzeugen Sie sich von einem Praxisbeispiel<\/a><\/p>\n\n\n\n<p class=\"is-style-text-annotation has-border-color has-background is-style-text-annotation--3\" style=\"border-color:#008540;border-width:7px;background-color:#008540\"><a href=\"https:\/\/docs.google.com\/forms\/d\/e\/1FAIpQLScUhkn-Jx37CTkAWYh8uNhLrBM969fVnofCLz9eT5RwJ5G9vw\/viewform?usp=header\" target=\"_blank\" rel=\"noreferrer noopener\">Ich w\u00fcnsche ein Angebot f\u00fcr meine Gemeinde \/ Region<\/a><\/p>\n\n\n\n<p class=\"is-style-text-annotation has-border-color has-background is-style-text-annotation--4\" style=\"border-color:#008540;border-width:7px;background-color:#008540\"><a href=\"https:\/\/www.kindwise.com\/about\" target=\"_blank\" rel=\"noreferrer noopener\">Mehr \u00fcber kindwise<\/a><\/p>\n<\/div>\n<\/div>\n<\/div>\n<\/div>\n<\/div>\n\n<div class=\"wp-block-group alignfull is-style-section-5 has-custom-color-3-background-color has-background has-global-padding is-layout-constrained wp-block-group-is-layout-constrained is-style-section-5--5\" style=\"margin-top:0;margin-bottom:0;padding-top:var(--wp--preset--spacing--60);padding-bottom:var(--wp--preset--spacing--60)\">\n<div class=\"wp-block-columns alignwide is-layout-flex wp-container-core-columns-is-layout-74b2cda3 wp-block-columns-is-layout-flex\">\n<div class=\"wp-block-column is-layout-flow wp-block-column-is-layout-flow\">\n<div class=\"wp-block-group is-vertical is-content-justification-left is-layout-flex wp-container-core-group-is-layout-7ce391b6 wp-block-group-is-layout-flex\" style=\"min-height:100%\">\n<blockquote class=\"wp-block-quote is-style-plain has-x-large-font-size is-layout-flow wp-container-core-quote-is-layout-5dafc681 wp-block-quote-is-layout-flow is-style-plain--6\" style=\"font-style:normal;font-weight:400\">\n<div class=\"wp-block-group has-global-padding is-content-justification-left is-layout-constrained wp-container-core-group-is-layout-085bd3d9 wp-block-group-is-layout-constrained\" style=\"margin-top:0;margin-bottom:0;padding-top:0;padding-right:0;padding-bottom:0;padding-left:0\">\n<p class=\"has-xx-large-font-size\"><strong>F\u00fcr wen ist roadside.vision n\u00fctzlich? <\/strong><\/p>\n\n\n\n<blockquote class=\"wp-block-quote is-layout-flow wp-block-quote-is-layout-flow\">\n<p class=\"has-small-font-size\"><strong>Beispiel aus der Praxis: <\/strong><\/p>\n\n\n\n<p class=\"has-small-font-size\">F\u00fcr die Ausschreibung eines \u00f6ffentlichen Auftrags zur Baumpflege m\u00fcssen die B\u00e4ume zuerst gez\u00e4hlt und erfasst werden; Baumpflegefirmen, die diese Dienstleistungen anbieten, berechnen ihre Arbeit jedoch nach der Anzahl der B\u00e4ume (typischerweise 5-10 EUR pro Baum, wie aus Gespr\u00e4chen mit mehreren Stra\u00dfenverwaltungen hervorgeht), die zu diesem Zeitpunkt nicht bekannt ist. <\/p>\n\n\n\n<p class=\"has-small-font-size\">Landkreise, St\u00e4dte und Gemeinden sind gesetzlich verpflichtet, einen \u00dcberblick \u00fcber ihr Eigentum zu haben und es ordnungsgem\u00e4\u00df zu pflegen. Gr\u00fcnfl\u00e4chen werden vor allem zur effektiven Verwaltung, zum Schutz und zur Instandhaltung erfasst. Dies umfasst die Planung der Pflege, wie z. B. Beschneidung oder Anpflanzung, und die Vermeidung von Risiken f\u00fcr Verkehr und Sicherheit. Diese Erfassung ist entscheidend f\u00fcr die Einhaltung gesetzlicher Verpflichtungen und die strategische Planung der Gr\u00fcnfl\u00e4chenentwicklung.    <\/p>\n<\/blockquote>\n<\/div>\n<\/blockquote>\n<\/div>\n<\/div>\n\n\n\n<div class=\"wp-block-column is-vertically-aligned-center is-style-section-5 has-custom-color-3-background-color has-background is-layout-flow wp-block-column-is-layout-flow is-style-section-5--7\" style=\"padding-top:0;padding-right:0;padding-bottom:0;padding-left:0\">\n<p><br\/><br\/><\/p>\n\n\n\n<p><br\/><br\/><\/p>\n\n\n\n<ul class=\"wp-block-list is-style-checkmark-list has-custom-color-3-background-color has-background\">\n<li class=\"has-medium-font-size\"><strong>Gr\u00fcnfl\u00e4chenmanagement:<\/strong> Effiziente Planung von Instandhaltung, Beschneidungen und Anpflanzungen.<\/li>\n\n\n\n<li class=\"has-medium-font-size\"><strong>Baumpfleger:<\/strong> Fokussierung nur auf ausgew\u00e4hlte Risikobereiche, Zeitersparnis im Gel\u00e4nde.<\/li>\n\n\n\n<li class=\"has-medium-font-size\"><strong>Stra\u00dfenverwaltung:<\/strong> Fr\u00fcherkennung von riskanten, kranken oder alten B\u00e4umen.<\/li>\n\n\n\n<li class=\"has-medium-font-size\"><strong>St\u00e4dte und Gemeinden:<\/strong> G\u00fcnstigere und schnellere Erstellung von Gr\u00fcnfl\u00e4chenkatastern, Grundlagen f\u00fcr Fl\u00e4chennutzungspl\u00e4ne und F\u00f6rderungen.<\/li>\n\n\n\n<li class=\"has-medium-font-size\"><strong>\u00d6ffentliche Auftr\u00e4ge:<\/strong> Transparente Preisgestaltung nach Kilometern, nicht nach Anzahl der B\u00e4ume.<\/li>\n<\/ul>\n<\/div>\n<\/div>\n<\/div>\n\n<div class=\"wp-block-group alignfull has-global-padding is-layout-constrained wp-container-core-group-is-layout-ebee8dc1 wp-block-group-is-layout-constrained\" style=\"margin-top:0;margin-bottom:0;padding-top:var(--wp--preset--spacing--50);padding-bottom:var(--wp--preset--spacing--50)\">\n<h2 class=\"wp-block-heading alignwide\">Welche Informationen erhalten Sie mit roadside.vision?<\/h2>\n\n\n\n<div class=\"wp-block-columns alignwide is-layout-flex wp-container-core-columns-is-layout-28f84493 wp-block-columns-is-layout-flex\">\n<div class=\"wp-block-column is-layout-flow wp-block-column-is-layout-flow\">\n<figure class=\"wp-block-image size-full\" style=\"margin-bottom:24px\"><img loading=\"lazy\" decoding=\"async\" width=\"1564\" height=\"895\" src=\"https:\/\/www.roadside.vision\/wp-content\/uploads\/2025\/10\/image-4.png\" alt=\"\" class=\"wp-image-13\" style=\"aspect-ratio:4\/3;object-fit:cover\" srcset=\"https:\/\/www.roadside.vision\/wp-content\/uploads\/2025\/10\/image-4.png 1564w, https:\/\/www.roadside.vision\/wp-content\/uploads\/2025\/10\/image-4-300x172.png 300w, https:\/\/www.roadside.vision\/wp-content\/uploads\/2025\/10\/image-4-1024x586.png 1024w, https:\/\/www.roadside.vision\/wp-content\/uploads\/2025\/10\/image-4-768x439.png 768w, https:\/\/www.roadside.vision\/wp-content\/uploads\/2025\/10\/image-4-1536x879.png 1536w\" sizes=\"auto, (max-width: 1564px) 100vw, 1564px\" \/><\/figure>\n\n\n\n<h3 class=\"wp-block-heading has-medium-font-size\"><strong>Detektion der Existenz <\/strong><\/h3>\n\n\n\n<ul class=\"wp-block-list\">\n<li class=\"has-medium-font-size\">freistehende B\u00e4ume\n<ul class=\"wp-block-list\">\n<li>Innerorts (Gemeinde) &#8211; Empfindlichkeit 91%, Fehlerrate 16%<\/li>\n\n\n\n<li class=\"has-medium-font-size\">Au\u00dferorts (au\u00dferhalb der Gemeinde) &#8211; Empfindlichkeit 99%, Fehlerrate 1%<\/li>\n<\/ul>\n<\/li>\n\n\n\n<li class=\"has-medium-font-size\">Baumgruppen und zusammenh\u00e4ngender Bestand<\/li>\n<\/ul>\n<\/div>\n\n\n\n<div class=\"wp-block-column is-layout-flow wp-block-column-is-layout-flow\">\n<figure class=\"wp-block-image size-full\" style=\"margin-bottom:24px\"><img loading=\"lazy\" decoding=\"async\" width=\"1470\" height=\"1100\" src=\"https:\/\/www.roadside.vision\/wp-content\/uploads\/2025\/10\/image-1.png\" alt=\"\" class=\"wp-image-10\" style=\"aspect-ratio:4\/3;object-fit:cover\" srcset=\"https:\/\/www.roadside.vision\/wp-content\/uploads\/2025\/10\/image-1.png 1470w, https:\/\/www.roadside.vision\/wp-content\/uploads\/2025\/10\/image-1-300x224.png 300w, https:\/\/www.roadside.vision\/wp-content\/uploads\/2025\/10\/image-1-1024x766.png 1024w, https:\/\/www.roadside.vision\/wp-content\/uploads\/2025\/10\/image-1-768x575.png 768w\" sizes=\"auto, (max-width: 1470px) 100vw, 1470px\" \/><\/figure>\n\n\n\n<h3 class=\"wp-block-heading has-medium-font-size\"><strong>Position<\/strong> <br\/>(durchschnittlicher Fehler +-20cm)<\/h3>\n\n\n\n<ul class=\"wp-block-list\">\n<li class=\"has-medium-font-size\">Erfassung im Raum, wo genau sich der Baum befindet <\/li>\n\n\n\n<li class=\"has-medium-font-size\">Abstand vom Stra\u00dfenrand<\/li>\n<\/ul>\n<\/div>\n\n\n\n<div class=\"wp-block-column is-layout-flow wp-block-column-is-layout-flow\">\n<figure class=\"wp-block-image size-large is-resized\"><img loading=\"lazy\" decoding=\"async\" width=\"1022\" height=\"1024\" src=\"https:\/\/www.roadside.vision\/wp-content\/uploads\/2025\/10\/image-3-1022x1024.png\" alt=\"\" class=\"wp-image-12\" style=\"aspect-ratio:0.9980604916915657;width:225px;height:auto\" srcset=\"https:\/\/www.roadside.vision\/wp-content\/uploads\/2025\/10\/image-3-1022x1024.png 1022w, https:\/\/www.roadside.vision\/wp-content\/uploads\/2025\/10\/image-3-300x300.png 300w, https:\/\/www.roadside.vision\/wp-content\/uploads\/2025\/10\/image-3-150x150.png 150w, https:\/\/www.roadside.vision\/wp-content\/uploads\/2025\/10\/image-3-768x769.png 768w, https:\/\/www.roadside.vision\/wp-content\/uploads\/2025\/10\/image-3.png 1042w\" sizes=\"auto, (max-width: 1022px) 100vw, 1022px\" \/><\/figure>\n\n\n\n<p class=\"has-medium-font-size\"><strong>Gattung und Parameter des Baumes<\/strong> <br\/>(durchschnittlicher Fehler +- 15%)<\/p>\n\n\n\n<ul class=\"wp-block-list\">\n<li class=\"has-medium-font-size\">TOP 3 Vorhersagen der Gattung<\/li>\n\n\n\n<li class=\"has-medium-font-size\">Baumh\u00f6he <\/li>\n\n\n\n<li class=\"has-medium-font-size\">Stammdurchmesser <\/li>\n\n\n\n<li class=\"has-medium-font-size\">Stammumfang <\/li>\n\n\n\n<li class=\"has-medium-font-size\">Bei Interesse Kronendurchmesser, Holzvolumen<\/li>\n<\/ul>\n<\/div>\n\n\n\n<div class=\"wp-block-column is-layout-flow wp-block-column-is-layout-flow\">\n<figure class=\"wp-block-image size-full\" style=\"margin-bottom:24px\"><img loading=\"lazy\" decoding=\"async\" width=\"784\" height=\"783\" src=\"https:\/\/www.roadside.vision\/wp-content\/uploads\/2025\/10\/image-5.png\" alt=\"\" class=\"wp-image-14\" style=\"aspect-ratio:4\/3;object-fit:cover\" srcset=\"https:\/\/www.roadside.vision\/wp-content\/uploads\/2025\/10\/image-5.png 784w, https:\/\/www.roadside.vision\/wp-content\/uploads\/2025\/10\/image-5-300x300.png 300w, https:\/\/www.roadside.vision\/wp-content\/uploads\/2025\/10\/image-5-150x150.png 150w, https:\/\/www.roadside.vision\/wp-content\/uploads\/2025\/10\/image-5-768x767.png 768w\" sizes=\"auto, (max-width: 784px) 100vw, 784px\" \/><\/figure>\n\n\n\n<h3 class=\"wp-block-heading has-medium-font-size\"><strong>Indikation des Gesundheitszustands und der Sicherheit<\/strong> <br\/>(Genauigkeit 80%)<\/h3>\n\n\n\n<ul class=\"wp-block-list\">\n<li class=\"has-medium-font-size\">Vitalit\u00e4t &#8211; Empfindlichkeit 65%<\/li>\n\n\n\n<li class=\"has-medium-font-size\">Gesundheit &#8211; Empfindlichkeit 60%<\/li>\n\n\n\n<li class=\"has-medium-font-size\">Stabilit\u00e4t &#8211; Empfindlichkeit 20%<\/li>\n\n\n\n<li class=\"has-medium-font-size\">Sicherheit &#8211; Empfindlichkeit 20%<\/li>\n<\/ul>\n<\/div>\n<\/div>\n\n\n\n<div class=\"wp-block-group alignfull has-global-padding is-layout-constrained wp-block-group-is-layout-constrained\" style=\"margin-top:0;margin-bottom:0;padding-top:var(--wp--preset--spacing--60);padding-bottom:var(--wp--preset--spacing--60)\">\n<div class=\"wp-block-columns alignwide is-layout-flex wp-container-core-columns-is-layout-1d9f35bd wp-block-columns-is-layout-flex\">\n<div class=\"wp-block-column is-style-section-5 has-border-color has-background is-layout-flow wp-block-column-is-layout-flow is-style-section-5--8\" style=\"border-color:var(--wp--preset--color--accent-6);border-width:1px;border-radius:10px;background-color:#008540;padding-top:var(--wp--preset--spacing--50);padding-right:var(--wp--preset--spacing--50);padding-bottom:var(--wp--preset--spacing--50);padding-left:var(--wp--preset--spacing--50)\">\n<h3 class=\"wp-block-heading\" id=\"single\"><strong>Suchen Sie eine schnelle, genaue und detaillierte Analyse? <\/strong><\/h3>\n\n\n\n<p class=\"has-medium-font-size\">Entweder verf\u00fcgen Sie \u00fcber <strong>eigene aktuelle Daten<\/strong> <strong> (die bei einer anderen Gelegenheit f\u00fcr einen anderen Zweck gesammelt wurden \u2013 z. B. bei der Inventarisierung von Verkehrszeichen, Parkplatzkontrollen usw.), oder wir <strong>\u00fcbernehmen die Datenerfassung<\/strong> f\u00fcr Sie.<br\/><br\/>F\u00fcr eine sehr pr\u00e4zise und detaillierte Analyse sind qualitativ hochwertige Daten erforderlich:<\/strong><\/p>\n\n\n\n<ul class=\"wp-block-list\">\n<li class=\"has-medium-font-size\">genau definiertes Analysegebiet<\/li>\n\n\n\n<li class=\"has-medium-font-size\">Fahrer und Auto<\/li>\n\n\n\n<li class=\"has-medium-font-size\">pr\u00e4zises GPS<\/li>\n\n\n\n<li class=\"has-medium-font-size\">Kamera mit hoher Aufl\u00f6sung, am Auto<\/li>\n<\/ul>\n\n\n\n<figure class=\"wp-block-image size-large\"><img loading=\"lazy\" decoding=\"async\" width=\"1024\" height=\"209\" src=\"https:\/\/www.roadside.vision\/wp-content\/uploads\/2025\/10\/image-2-1024x209.png\" alt=\"\" class=\"wp-image-11\" srcset=\"https:\/\/www.roadside.vision\/wp-content\/uploads\/2025\/10\/image-2-1024x209.png 1024w, https:\/\/www.roadside.vision\/wp-content\/uploads\/2025\/10\/image-2-300x61.png 300w, https:\/\/www.roadside.vision\/wp-content\/uploads\/2025\/10\/image-2-768x157.png 768w, https:\/\/www.roadside.vision\/wp-content\/uploads\/2025\/10\/image-2.png 1517w\" sizes=\"auto, (max-width: 1024px) 100vw, 1024px\" \/><\/figure>\n\n\n\n<div class=\"wp-block-buttons is-content-justification-center is-layout-flex wp-container-core-buttons-is-layout-098cc607 wp-block-buttons-is-layout-flex\"><\/div>\n<\/div>\n\n\n\n<div class=\"wp-block-column is-style-section-5 has-border-color has-background is-layout-flow wp-block-column-is-layout-flow is-style-section-5--9\" style=\"border-color:var(--wp--preset--color--accent-6);border-width:1px;border-radius:10px;background-color:#008540;padding-top:var(--wp--preset--spacing--50);padding-right:var(--wp--preset--spacing--50);padding-bottom:var(--wp--preset--spacing--50);padding-left:var(--wp--preset--spacing--50)\">\n<h3 class=\"wp-block-heading\" id=\"single\"><strong>Ben\u00f6tigen Sie nicht so viel Detailgenauigkeit und Sicherheit?<\/strong><\/h3>\n\n\n\n<p class=\"is-style-checkmark-list has-medium-font-size\"><strong>Wenn Ihnen Basisinformationen und eine Fotodokumentation ausreichen,<\/strong> z. B. f\u00fcr die Kalkulation von Baumpflegearbeiten, gen\u00fcgen uns auch bestehende <strong>Datenbanken mit Panoramabildern von Stra\u00dfen<\/strong>, \u00e4hnlich wie Google StreetView.  Es muss jedoch das Alter der Daten und deren geringere Qualit\u00e4t ber\u00fccksichtigt werden.<br\/><\/p>\n\n\n\n<p><\/p>\n\n\n\n<figure class=\"wp-block-image aligncenter size-full is-resized\"><img loading=\"lazy\" decoding=\"async\" width=\"521\" height=\"405\" src=\"https:\/\/www.roadside.vision\/wp-content\/uploads\/2026\/03\/Screenshot-2026-03-24-at-2.35.06-PM.png\" alt=\"\" class=\"wp-image-199\" style=\"aspect-ratio:1.2864627988949224;width:373px;height:auto\" srcset=\"https:\/\/www.roadside.vision\/wp-content\/uploads\/2026\/03\/Screenshot-2026-03-24-at-2.35.06-PM.png 521w, https:\/\/www.roadside.vision\/wp-content\/uploads\/2026\/03\/Screenshot-2026-03-24-at-2.35.06-PM-300x233.png 300w\" sizes=\"auto, (max-width: 521px) 100vw, 521px\" \/><\/figure>\n\n\n\n<div class=\"wp-block-buttons is-content-justification-center is-layout-flex wp-container-core-buttons-is-layout-a89b3969 wp-block-buttons-is-layout-flex\"><\/div>\n<\/div>\n<\/div>\n<\/div>\n<\/div>\n\n<aside class=\"wp-block-group alignfull is-style-default has-background has-global-padding is-layout-constrained wp-container-core-group-is-layout-f0f2a97b wp-block-group-is-layout-constrained\" style=\"background-color:#008540;margin-top:0;margin-bottom:0;padding-top:var(--wp--preset--spacing--50);padding-right:var(--wp--preset--spacing--50);padding-bottom:var(--wp--preset--spacing--50);padding-left:var(--wp--preset--spacing--50)\">\n<div class=\"wp-block-group is-vertical is-content-justification-center is-layout-flex wp-container-core-group-is-layout-8778ca4a wp-block-group-is-layout-flex\" style=\"min-height:360px;margin-top:0;margin-bottom:0\">\n<h2 class=\"wp-block-heading has-text-align-center has-base-color has-text-color has-link-color has-xx-large-font-size wp-elements-2bbe690c7ad7efc7a44300a887806da0\">M\u00f6chten Sie mehr Informationen oder einen Preis <br\/>f\u00fcr Ihren Landkreis oder Ihre Gemeinde? <\/h2>\n\n\n\n<p class=\"has-text-align-center is-style-text-subtitle has-base-color has-text-color has-link-color wp-elements-acec5109792dab157b6f9b9733babd61 is-style-text-subtitle--10\">Hinterlassen Sie uns im Formular Ihre Kontaktdaten und wir melden uns bei Ihnen.<\/p>\n\n\n\n<div style=\"height:0px\" aria-hidden=\"true\" class=\"wp-block-spacer wp-container-content-62aae154\"><\/div>\n\n\n\n<div class=\"wp-block-buttons is-content-justification-center is-layout-flex wp-container-core-buttons-is-layout-a89b3969 wp-block-buttons-is-layout-flex\">\n<div class=\"wp-block-button\"><a class=\"wp-block-button__link has-contrast-color has-base-background-color has-text-color has-background has-link-color has-text-align-center wp-element-button\" href=\"https:\/\/docs.google.com\/forms\/d\/e\/1FAIpQLScUhkn-Jx37CTkAWYh8uNhLrBM969fVnofCLz9eT5RwJ5G9vw\/viewform?usp=header\" target=\"_blank\" rel=\"noreferrer noopener\">Ich m\u00f6chte mehr Informationen <\/a><\/div>\n<\/div>\n<\/div>\n<\/aside>\n\n<div class=\"wp-block-group alignfull is-style-default has-global-padding is-layout-constrained wp-block-group-is-layout-constrained\" style=\"margin-top:0;margin-bottom:0;padding-top:var(--wp--preset--spacing--50);padding-bottom:var(--wp--preset--spacing--50)\">\n<div class=\"wp-block-columns alignwide is-style-default is-layout-flex wp-container-core-columns-is-layout-7ee84d44 wp-block-columns-is-layout-flex\">\n<div class=\"wp-block-column is-vertically-aligned-center is-layout-flow wp-block-column-is-layout-flow\" style=\"flex-basis:50%\">\n<h2 class=\"wp-block-heading\">Dank der Technologie bringen wir die Natur den Menschen n\u00e4her.<\/h2>\n\n\n\n<p class=\"has-medium-font-size\">Das Unternehmen kindwise (ehemals FlowerChecker, gegr\u00fcndet 2014) nutzt sowohl menschliches Fachwissen als auch maschinelles Lernen und entwickelt eine Reihe von Produkten mit Fokus auf die Natur: <\/p>\n\n\n\n<ul class=\"wp-block-list\">\n<li class=\"has-medium-font-size\"><a href=\"https:\/\/www.kindwise.com\/plant-id\">plant.id<\/a><\/li>\n\n\n\n<li class=\"has-medium-font-size\"><a href=\"https:\/\/www.kindwise.com\/plant-health\">plant.health<\/a><\/li>\n\n\n\n<li class=\"has-medium-font-size\"><a href=\"https:\/\/www.kindwise.com\/insect-id\">insect.id<\/a><\/li>\n\n\n\n<li class=\"has-medium-font-size\"><a href=\"https:\/\/www.kindwise.com\/mushroom-id\">mushroom.id<\/a><\/li>\n\n\n\n<li class=\"has-medium-font-size\"><a href=\"https:\/\/www.kindwise.com\/crop-health\">crop.health<\/a><\/li>\n\n\n\n<li class=\"has-medium-font-size\"><a href=\"https:\/\/www.kindwise.com\/forestum-ai\">forestum.ai<\/a><\/li>\n\n\n\n<li class=\"has-medium-font-size\"><a href=\"https:\/\/www.kindwise.com\/vegetation-mapping\">vegetation.mapping<\/a><\/li>\n<\/ul>\n<\/div>\n\n\n\n<div class=\"wp-block-column is-vertically-aligned-center is-layout-flow wp-block-column-is-layout-flow\" style=\"flex-basis:50%\">\n<figure class=\"wp-block-image size-full\"><img loading=\"lazy\" decoding=\"async\" width=\"2272\" height=\"2272\" src=\"https:\/\/www.roadside.vision\/wp-content\/uploads\/2025\/10\/663b8487f6a71d509b4a42f5_pexels-jonathanborba-19985497.jpg\" alt=\"\" class=\"wp-image-83\" style=\"aspect-ratio:1;object-fit:cover\" srcset=\"https:\/\/www.roadside.vision\/wp-content\/uploads\/2025\/10\/663b8487f6a71d509b4a42f5_pexels-jonathanborba-19985497.jpg 2272w, https:\/\/www.roadside.vision\/wp-content\/uploads\/2025\/10\/663b8487f6a71d509b4a42f5_pexels-jonathanborba-19985497-300x300.jpg 300w, https:\/\/www.roadside.vision\/wp-content\/uploads\/2025\/10\/663b8487f6a71d509b4a42f5_pexels-jonathanborba-19985497-1024x1024.jpg 1024w, https:\/\/www.roadside.vision\/wp-content\/uploads\/2025\/10\/663b8487f6a71d509b4a42f5_pexels-jonathanborba-19985497-150x150.jpg 150w, https:\/\/www.roadside.vision\/wp-content\/uploads\/2025\/10\/663b8487f6a71d509b4a42f5_pexels-jonathanborba-19985497-768x768.jpg 768w, https:\/\/www.roadside.vision\/wp-content\/uploads\/2025\/10\/663b8487f6a71d509b4a42f5_pexels-jonathanborba-19985497-1536x1536.jpg 1536w, https:\/\/www.roadside.vision\/wp-content\/uploads\/2025\/10\/663b8487f6a71d509b4a42f5_pexels-jonathanborba-19985497-2048x2048.jpg 2048w\" sizes=\"auto, (max-width: 2272px) 100vw, 2272px\" \/><\/figure>\n<\/div>\n<\/div>\n<\/div>\n\n<p><\/p>\n","protected":false},"excerpt":{"rendered":"<p>Aktueller Zustand der Vegetation in Rekordzeit Roadside.vision erfasst und bewertet B\u00e4ume mithilfe von Fernerkundungsmitteln (Kamera\/Lidar auf dem Auto) oder einer vorhandenen Datenbank mit Panoramaaufnahmen von Stra\u00dfen (\u00e4hnlich wie Google Street View). Die Analyse erfolgt schnell und zuverl\u00e4ssig durch KI dank maschinellem Lernen. Es handelt sich um eine sehr schnelle L\u00f6sung, ein Bonus ist auch ein [&hellip;]<\/p>\n","protected":false},"author":1,"featured_media":118,"parent":0,"menu_order":1,"comment_status":"closed","ping_status":"closed","template":"","meta":{"footnotes":""},"class_list":["post-116","page","type-page","status-publish","has-post-thumbnail","hentry"],"_links":{"self":[{"href":"https:\/\/www.roadside.vision\/de\/wp-json\/wp\/v2\/pages\/116","targetHints":{"allow":["GET"]}}],"collection":[{"href":"https:\/\/www.roadside.vision\/de\/wp-json\/wp\/v2\/pages"}],"about":[{"href":"https:\/\/www.roadside.vision\/de\/wp-json\/wp\/v2\/types\/page"}],"author":[{"embeddable":true,"href":"https:\/\/www.roadside.vision\/de\/wp-json\/wp\/v2\/users\/1"}],"replies":[{"embeddable":true,"href":"https:\/\/www.roadside.vision\/de\/wp-json\/wp\/v2\/comments?post=116"}],"version-history":[{"count":12,"href":"https:\/\/www.roadside.vision\/de\/wp-json\/wp\/v2\/pages\/116\/revisions"}],"predecessor-version":[{"id":331,"href":"https:\/\/www.roadside.vision\/de\/wp-json\/wp\/v2\/pages\/116\/revisions\/331"}],"wp:featuredmedia":[{"embeddable":true,"href":"https:\/\/www.roadside.vision\/de\/wp-json\/wp\/v2\/media\/118"}],"wp:attachment":[{"href":"https:\/\/www.roadside.vision\/de\/wp-json\/wp\/v2\/media?parent=116"}],"curies":[{"name":"wp","href":"https:\/\/api.w.org\/{rel}","templated":true}]}}