{"id":153,"date":"2025-10-23T13:26:03","date_gmt":"2025-10-23T13:26:03","guid":{"rendered":"https:\/\/www.roadside.vision\/praxisbeispiel\/"},"modified":"2026-03-26T08:29:41","modified_gmt":"2026-03-26T08:29:41","slug":"praxisbeispiel","status":"publish","type":"page","link":"https:\/\/www.roadside.vision\/de\/praxisbeispiel\/","title":{"rendered":"Praxisbeispiel"},"content":{"rendered":"\n<div class=\"wp-block-group alignfull has-global-padding is-layout-constrained wp-container-core-group-is-layout-0c9c989a wp-block-group-is-layout-constrained\" style=\"min-height:0vh;margin-top:0;margin-bottom:0;padding-top:var(--wp--preset--spacing--70);padding-right:var(--wp--preset--spacing--40);padding-bottom:var(--wp--preset--spacing--70);padding-left:var(--wp--preset--spacing--40)\">\n<div class=\"wp-block-group has-global-padding is-layout-constrained wp-container-core-group-is-layout-346627ba wp-block-group-is-layout-constrained\">\n<h1 class=\"wp-block-heading alignwide has-text-align-center\" id=\"we-re-a-studio-in-berlin-with-an-international-practice-in-architecture-urban-planning-and-interior-design-we-believe-in-sharing-knowledge-and-promoting-dialogue-to-increase-the-creative-potential-of-collaboration\" style=\"font-size:clamp(27.894px, 1.743rem + ((1vw - 3.2px) * 1.971), 48px);line-height:1.1\"><strong><strong>Chrudim &amp; B\u00e4ume:<\/strong><\/strong><br\/><strong><strong>gez\u00e4hlt, zusammengefasst<\/strong><\/strong> <\/h1>\n\n\n\n<p class=\"has-text-align-center has-medium-font-size\">Wie k\u00f6nnen St\u00e4dte, Landkreise oder Stra\u00dfenmeistereien einen <strong>aktuellen \u00dcberblick \u00fcber den Zustand der Vegetation in Rekordzeit<\/strong> erhalten? <strong>Mit roadside.vision<\/strong> ist das ganz einfach. \u00dcberzeugen Sie sich selbst und sehen Sie sich eine kurze Demonstration aus der Praxis an.<\/p>\n\n\n\n<blockquote class=\"wp-block-quote has-medium-font-size is-layout-flow wp-container-core-quote-is-layout-8aca2501 wp-block-quote-is-layout-flow\" style=\"margin-top:var(--wp--preset--spacing--30);margin-right:var(--wp--preset--spacing--50);margin-bottom:var(--wp--preset--spacing--30);margin-left:var(--wp--preset--spacing--50);padding-top:var(--wp--preset--spacing--20);padding-right:var(--wp--preset--spacing--40);padding-bottom:var(--wp--preset--spacing--20);padding-left:var(--wp--preset--spacing--40)\">\n<p class=\"has-medium-font-size\" style=\"margin-right:0;margin-left:0;padding-top:0;padding-bottom:0\"><strong>Kurz gesagt: <\/strong><\/p>\n\n\n\n<p class=\"has-medium-font-size\" style=\"margin-right:0;margin-left:0;padding-top:0;padding-bottom:0\">3 Tage. 200 km. Und 10.000 untersuchte B\u00e4ume. <\/p>\n<\/blockquote>\n\n\n\n<p class=\"is-style-text-subtitle has-medium-font-size is-style-text-subtitle--1\" style=\"line-height:1.5\">W\u00e4hrend Gr\u00fcnfl\u00e4chen \u2013 vor allem B\u00e4ume \u2013 normalerweise von Au\u00dfendienstmitarbeitern vermessen und anschlie\u00dfend bewertet werden, nutzt roadside.vision <strong>Mittel der Fernerkundung<\/strong> (Kamera\/Lidar am Fahrzeug) oder bestehende <strong>Datenbanken mit Panoramabildern von Stra\u00dfen<\/strong>, \u00e4hnlich wie Google StreetView. Die Analyse wird dann <strong>schnell und zuverl\u00e4ssig von der KI<\/strong> dank maschinellem Lernen \u00fcbernommen. <\/p>\n\n\n\n<p class=\"is-style-text-subtitle has-border-color has-medium-font-size is-style-text-subtitle--2\" style=\"border-color:#111111;border-width:1px;border-radius:0px;padding-top:var(--wp--preset--spacing--20);padding-right:var(--wp--preset--spacing--20);padding-bottom:var(--wp--preset--spacing--20);padding-left:var(--wp--preset--spacing--20);line-height:1.6\"><strong>Mit nahezu 100%iger Sicherheit <br\/>erfassen und identifizieren wir einzelne B\u00e4ume in Stra\u00dfenn\u00e4he,<\/strong><br\/>in der Gemeinde liegt unsere Erfolgsquote bei 90 %. <\/p>\n<\/div>\n<\/div>\n\n<div class=\"wp-block-group alignfull is-style-section-5 has-custom-color-3-background-color has-background has-global-padding is-layout-constrained wp-container-core-group-is-layout-0c9c989a wp-block-group-is-layout-constrained is-style-section-5--3\" style=\"min-height:0vh;margin-top:0;margin-bottom:0;padding-top:var(--wp--preset--spacing--70);padding-right:var(--wp--preset--spacing--40);padding-bottom:var(--wp--preset--spacing--70);padding-left:var(--wp--preset--spacing--40)\">\n<h2 class=\"wp-block-heading has-text-align-center has-medium-font-size\"><strong>roadside.vision in Zahlen <\/strong><\/h2>\n\n\n\n<div class=\"wp-block-group has-global-padding is-layout-constrained wp-container-core-group-is-layout-346627ba wp-block-group-is-layout-constrained\">\n<div class=\"wp-block-group is-nowrap is-layout-flex wp-container-core-group-is-layout-6c531013 wp-block-group-is-layout-flex\">\n<div class=\"wp-block-cover\" style=\"min-height:253px;aspect-ratio:unset;\"><img loading=\"lazy\" decoding=\"async\" width=\"1024\" height=\"219\" class=\"wp-block-cover__image-background wp-image-18\" alt=\"\" src=\"https:\/\/www.roadside.vision\/wp-content\/uploads\/2025\/10\/Snimek-obrazovky-2025-10-17-v-8.57.32-1024x219.png\" style=\"object-position:64% 92%\" data-object-fit=\"cover\" data-object-position=\"64% 92%\" srcset=\"https:\/\/www.roadside.vision\/wp-content\/uploads\/2025\/10\/Snimek-obrazovky-2025-10-17-v-8.57.32-1024x219.png 1024w, https:\/\/www.roadside.vision\/wp-content\/uploads\/2025\/10\/Snimek-obrazovky-2025-10-17-v-8.57.32-300x64.png 300w, https:\/\/www.roadside.vision\/wp-content\/uploads\/2025\/10\/Snimek-obrazovky-2025-10-17-v-8.57.32-768x165.png 768w, https:\/\/www.roadside.vision\/wp-content\/uploads\/2025\/10\/Snimek-obrazovky-2025-10-17-v-8.57.32-1536x329.png 1536w, https:\/\/www.roadside.vision\/wp-content\/uploads\/2025\/10\/Snimek-obrazovky-2025-10-17-v-8.57.32.png 1876w\" sizes=\"auto, (max-width: 1024px) 100vw, 1024px\" \/><span aria-hidden=\"true\" class=\"wp-block-cover__background has-background-dim\"><\/span><div class=\"wp-block-cover__inner-container is-layout-flow wp-block-cover-is-layout-flow\">\n<p class=\"has-text-align-center has-medium-font-size\">Spoiler-Alarm:<br\/><strong>Transparenter Preis pro Stra\u00dfenkilometer, nicht pro Anzahl der B\u00e4ume.<\/strong><br\/>Einzigartiger Vorteil f\u00fcr \u00f6ffentliche Auftr\u00e4ge. <\/p>\n<\/div><\/div>\n\n\n\n<div class=\"wp-block-group has-global-padding is-layout-constrained wp-block-group-is-layout-constrained\">\n<p class=\"has-medium-font-size\">W\u00e4hrend <strong>9 Stunden Fahrt<\/strong> mit einem Auto mit Kamera auf dem Dach <\/p>\n\n\n\n<p class=\"has-medium-font-size\">entstanden <strong>225.000<\/strong> Fotos <\/p>\n\n\n\n<p class=\"has-medium-font-size\">und in <strong>nur 2 weiteren Tagen<\/strong> <\/p>\n\n\n\n<p class=\"has-medium-font-size\">war <strong>ein vollst\u00e4ndiger \u00dcberblick \u00fcber fast 10.000 B\u00e4ume<\/strong> fertig <\/p>\n\n\n\n<p class=\"has-medium-font-size\">entlang von etwa <strong>200 km Stra\u00dfen in Chrudim<\/strong>.<\/p>\n<\/div>\n<\/div>\n<\/div>\n<\/div>\n\n<div class=\"wp-block-group alignfull has-global-padding is-layout-constrained wp-container-core-group-is-layout-ebee8dc1 wp-block-group-is-layout-constrained\" style=\"margin-top:0;margin-bottom:0;padding-top:var(--wp--preset--spacing--50);padding-bottom:var(--wp--preset--spacing--50)\">\n<h2 class=\"wp-block-heading alignwide\">Welche Informationen liefert roadside.vision?<\/h2>\n\n\n\n<div class=\"wp-block-columns alignwide is-layout-flex wp-container-core-columns-is-layout-28f84493 wp-block-columns-is-layout-flex\">\n<div class=\"wp-block-column is-layout-flow wp-block-column-is-layout-flow\">\n<figure class=\"wp-block-image size-full\" style=\"margin-bottom:24px\"><img loading=\"lazy\" decoding=\"async\" width=\"512\" height=\"425\" src=\"https:\/\/www.roadside.vision\/wp-content\/uploads\/2025\/12\/unnamed.png\" alt=\"\" class=\"wp-image-100\" style=\"aspect-ratio:4\/3;object-fit:cover\" srcset=\"https:\/\/www.roadside.vision\/wp-content\/uploads\/2025\/12\/unnamed.png 512w, https:\/\/www.roadside.vision\/wp-content\/uploads\/2025\/12\/unnamed-300x249.png 300w\" sizes=\"auto, (max-width: 512px) 100vw, 512px\" \/><\/figure>\n\n\n\n<h3 class=\"wp-block-heading has-medium-font-size\"><strong>Detektion der Existenz <\/strong><\/h3>\n\n\n\n<ul class=\"wp-block-list\">\n<li class=\"has-medium-font-size\">freistehende B\u00e4ume\n<ul class=\"wp-block-list\">\n<li>Innerorts (Gemeinde) &#8211; Empfindlichkeit 91%, Fehlerrate 16%<\/li>\n\n\n\n<li class=\"has-medium-font-size\">Au\u00dferorts (au\u00dferhalb der Gemeinde) &#8211; Empfindlichkeit 99%, Fehlerrate 1%<\/li>\n<\/ul>\n<\/li>\n\n\n\n<li class=\"has-medium-font-size\">Baumgruppen und zusammenh\u00e4ngender Bestand<\/li>\n<\/ul>\n<\/div>\n\n\n\n<div class=\"wp-block-column is-layout-flow wp-block-column-is-layout-flow\">\n<figure class=\"wp-block-image size-full\" style=\"margin-bottom:24px\"><img loading=\"lazy\" decoding=\"async\" width=\"1470\" height=\"1100\" src=\"https:\/\/www.roadside.vision\/wp-content\/uploads\/2025\/10\/image-1.png\" alt=\"\" class=\"wp-image-10\" style=\"aspect-ratio:4\/3;object-fit:cover\" srcset=\"https:\/\/www.roadside.vision\/wp-content\/uploads\/2025\/10\/image-1.png 1470w, https:\/\/www.roadside.vision\/wp-content\/uploads\/2025\/10\/image-1-300x224.png 300w, https:\/\/www.roadside.vision\/wp-content\/uploads\/2025\/10\/image-1-1024x766.png 1024w, https:\/\/www.roadside.vision\/wp-content\/uploads\/2025\/10\/image-1-768x575.png 768w\" sizes=\"auto, (max-width: 1470px) 100vw, 1470px\" \/><\/figure>\n\n\n\n<h3 class=\"wp-block-heading has-medium-font-size\"><strong>Position<\/strong> <br\/>(durchschnittlicher Fehler +-20cm)<\/h3>\n\n\n\n<ul class=\"wp-block-list\">\n<li class=\"has-medium-font-size\">Erfassung im Raum, wo genau sich der Baum befindet <\/li>\n\n\n\n<li class=\"has-medium-font-size\">Abstand vom Stra\u00dfenrand<\/li>\n<\/ul>\n<\/div>\n\n\n\n<div class=\"wp-block-column is-layout-flow wp-block-column-is-layout-flow\">\n<figure class=\"wp-block-image size-large\"><img loading=\"lazy\" decoding=\"async\" width=\"1022\" height=\"1024\" src=\"https:\/\/www.roadside.vision\/wp-content\/uploads\/2025\/10\/image-3-1022x1024.png\" alt=\"\" class=\"wp-image-12\" srcset=\"https:\/\/www.roadside.vision\/wp-content\/uploads\/2025\/10\/image-3-1022x1024.png 1022w, https:\/\/www.roadside.vision\/wp-content\/uploads\/2025\/10\/image-3-300x300.png 300w, https:\/\/www.roadside.vision\/wp-content\/uploads\/2025\/10\/image-3-150x150.png 150w, https:\/\/www.roadside.vision\/wp-content\/uploads\/2025\/10\/image-3-768x769.png 768w, https:\/\/www.roadside.vision\/wp-content\/uploads\/2025\/10\/image-3.png 1042w\" sizes=\"auto, (max-width: 1022px) 100vw, 1022px\" \/><\/figure>\n\n\n\n<p class=\"has-medium-font-size\"><strong>Gattung und Parameter des Baumes<\/strong> <br\/>(durchschnittlicher Fehler +- 15%)<\/p>\n\n\n\n<ul class=\"wp-block-list\">\n<li class=\"has-medium-font-size\">TOP 3 Vorhersagen der Gattung<\/li>\n\n\n\n<li class=\"has-medium-font-size\">Baumh\u00f6he <\/li>\n\n\n\n<li class=\"has-medium-font-size\">Stammdurchmesser <\/li>\n\n\n\n<li class=\"has-medium-font-size\">Stammumfang <\/li>\n\n\n\n<li class=\"has-medium-font-size\">Bei Interesse Kronendurchmesser, Holzvolumen<\/li>\n<\/ul>\n<\/div>\n\n\n\n<div class=\"wp-block-column is-layout-flow wp-block-column-is-layout-flow\">\n<figure class=\"wp-block-image size-full\" style=\"margin-bottom:24px\"><img loading=\"lazy\" decoding=\"async\" width=\"784\" height=\"783\" src=\"https:\/\/www.roadside.vision\/wp-content\/uploads\/2025\/10\/image-5.png\" alt=\"\" class=\"wp-image-14\" style=\"aspect-ratio:4\/3;object-fit:cover\" srcset=\"https:\/\/www.roadside.vision\/wp-content\/uploads\/2025\/10\/image-5.png 784w, https:\/\/www.roadside.vision\/wp-content\/uploads\/2025\/10\/image-5-300x300.png 300w, https:\/\/www.roadside.vision\/wp-content\/uploads\/2025\/10\/image-5-150x150.png 150w, https:\/\/www.roadside.vision\/wp-content\/uploads\/2025\/10\/image-5-768x767.png 768w\" sizes=\"auto, (max-width: 784px) 100vw, 784px\" \/><\/figure>\n\n\n\n<h3 class=\"wp-block-heading has-medium-font-size\"><strong>Indikation des Gesundheitszustands und der Sicherheit<\/strong> <br\/>(Genauigkeit 80%)<\/h3>\n\n\n\n<ul class=\"wp-block-list\">\n<li class=\"has-medium-font-size\">Vitalit\u00e4t &#8211; Empfindlichkeit 65%<\/li>\n\n\n\n<li class=\"has-medium-font-size\">Gesundheit &#8211; Empfindlichkeit 60%<\/li>\n\n\n\n<li class=\"has-medium-font-size\">Stabilit\u00e4t &#8211; Empfindlichkeit 20%<\/li>\n\n\n\n<li class=\"has-medium-font-size\">Sicherheit &#8211; Empfindlichkeit 20%<\/li>\n<\/ul>\n<\/div>\n<\/div>\n<\/div>\n\n<aside class=\"wp-block-group alignfull is-style-section-5 has-custom-color-3-background-color has-background has-global-padding is-layout-constrained wp-container-core-group-is-layout-f0f2a97b wp-block-group-is-layout-constrained is-style-section-5--4\" style=\"margin-top:0;margin-bottom:0;padding-top:var(--wp--preset--spacing--50);padding-right:var(--wp--preset--spacing--50);padding-bottom:var(--wp--preset--spacing--50);padding-left:var(--wp--preset--spacing--50)\">\n<div class=\"wp-block-group is-style-default is-vertical is-content-justification-center is-layout-flex wp-container-core-group-is-layout-8778ca4a wp-block-group-is-layout-flex\" style=\"min-height:360px;margin-top:0;margin-bottom:0\">\n<h2 class=\"wp-block-heading has-text-align-center has-xx-large-font-size\">W\u00e4re eine schnelle Baumbestimmung auf einer gr\u00f6\u00dferen Fl\u00e4che auch f\u00fcr Sie n\u00fctzlich?<\/h2>\n\n\n\n<p><\/p>\n\n\n\n<p class=\"has-text-align-left is-style-text-subtitle has-medium-font-size is-style-text-subtitle--5\">Wir begr\u00fc\u00dfen die Anregungen und das Interesse, die von verschiedenen Seiten und aus verschiedenen L\u00e4ndern an uns herangetragen werden. Schon jetzt erzielen wir sehr gute Ergebnisse bei der Baumbestimmung, die Baumpflegern im Au\u00dfendienst Zeit und Energie sparen und letztendlich auch den Beh\u00f6rden in Gemeinden und Landkreisen viel Arbeit und Geld \u2013 das sind alles Ressourcen, die jetzt anderweitig gut eingesetzt werden k\u00f6nnen. Dar\u00fcber hinaus verbessert sich Roadside.Vision dank des Lernens aus realen Daten jeden Tag. <\/p>\n\n\n\n<p><\/p>\n\n\n\n<p class=\"has-text-align-center is-style-text-subtitle is-style-text-subtitle--6\">Schreiben Sie uns und probieren Sie es aus, jetzt ist der richtige Zeitpunkt.<\/p>\n\n\n\n<div style=\"height:0px\" aria-hidden=\"true\" class=\"wp-block-spacer wp-container-content-62aae154\"><\/div>\n\n\n\n<div class=\"wp-block-buttons is-content-justification-center is-layout-flex wp-container-core-buttons-is-layout-a89b3969 wp-block-buttons-is-layout-flex\">\n<div class=\"wp-block-button\"><a class=\"wp-block-button__link has-base-color has-custom-cta-zv-razn-n-background-color has-text-color has-background has-link-color has-text-align-center wp-element-button\" href=\"https:\/\/docs.google.com\/forms\/d\/e\/1FAIpQLScUhkn-Jx37CTkAWYh8uNhLrBM969fVnofCLz9eT5RwJ5G9vw\/viewform?usp=header\">Ich m\u00f6chte ein unverbindliches Angebot anfordern<\/a><\/div>\n<\/div>\n<\/div>\n<\/aside>\n\n<p><\/p>\n","protected":false},"excerpt":{"rendered":"<p>Chrudim &amp; B\u00e4ume:gez\u00e4hlt, zusammengefasst Wie k\u00f6nnen St\u00e4dte, Landkreise oder Stra\u00dfenmeistereien einen aktuellen \u00dcberblick \u00fcber den Zustand der Vegetation in Rekordzeit erhalten? Mit roadside.vision ist das ganz einfach. \u00dcberzeugen Sie sich selbst und sehen Sie sich eine kurze Demonstration aus der Praxis an. Kurz gesagt: 3 Tage. 200 km. Und 10.000 untersuchte B\u00e4ume. W\u00e4hrend Gr\u00fcnfl\u00e4chen \u2013 [&hellip;]<\/p>\n","protected":false},"author":1,"featured_media":118,"parent":0,"menu_order":0,"comment_status":"closed","ping_status":"closed","template":"","meta":{"footnotes":""},"class_list":["post-153","page","type-page","status-publish","has-post-thumbnail","hentry"],"_links":{"self":[{"href":"https:\/\/www.roadside.vision\/de\/wp-json\/wp\/v2\/pages\/153","targetHints":{"allow":["GET"]}}],"collection":[{"href":"https:\/\/www.roadside.vision\/de\/wp-json\/wp\/v2\/pages"}],"about":[{"href":"https:\/\/www.roadside.vision\/de\/wp-json\/wp\/v2\/types\/page"}],"author":[{"embeddable":true,"href":"https:\/\/www.roadside.vision\/de\/wp-json\/wp\/v2\/users\/1"}],"replies":[{"embeddable":true,"href":"https:\/\/www.roadside.vision\/de\/wp-json\/wp\/v2\/comments?post=153"}],"version-history":[{"count":3,"href":"https:\/\/www.roadside.vision\/de\/wp-json\/wp\/v2\/pages\/153\/revisions"}],"predecessor-version":[{"id":244,"href":"https:\/\/www.roadside.vision\/de\/wp-json\/wp\/v2\/pages\/153\/revisions\/244"}],"wp:featuredmedia":[{"embeddable":true,"href":"https:\/\/www.roadside.vision\/de\/wp-json\/wp\/v2\/media\/118"}],"wp:attachment":[{"href":"https:\/\/www.roadside.vision\/de\/wp-json\/wp\/v2\/media?parent=153"}],"curies":[{"name":"wp","href":"https:\/\/api.w.org\/{rel}","templated":true}]}}