{"id":248,"date":"2026-03-26T08:42:51","date_gmt":"2026-03-26T08:42:51","guid":{"rendered":"https:\/\/www.roadside.vision\/248-2\/"},"modified":"2026-03-27T10:25:01","modified_gmt":"2026-03-27T10:25:01","slug":"248-2","status":"publish","type":"page","link":"https:\/\/www.roadside.vision\/de\/248-2\/","title":{"rendered":""},"content":{"rendered":"\n<figure class=\"wp-block-image size-large\"><img loading=\"lazy\" decoding=\"async\" width=\"1024\" height=\"263\" src=\"https:\/\/www.roadside.vision\/wp-content\/uploads\/2025\/10\/roadside-vision_logo_horizontal_green-black-1024x263.png\" alt=\"\" class=\"wp-image-44\" srcset=\"https:\/\/www.roadside.vision\/wp-content\/uploads\/2025\/10\/roadside-vision_logo_horizontal_green-black-1024x263.png 1024w, https:\/\/www.roadside.vision\/wp-content\/uploads\/2025\/10\/roadside-vision_logo_horizontal_green-black-300x77.png 300w, https:\/\/www.roadside.vision\/wp-content\/uploads\/2025\/10\/roadside-vision_logo_horizontal_green-black-768x197.png 768w, https:\/\/www.roadside.vision\/wp-content\/uploads\/2025\/10\/roadside-vision_logo_horizontal_green-black-1536x395.png 1536w, https:\/\/www.roadside.vision\/wp-content\/uploads\/2025\/10\/roadside-vision_logo_horizontal_green-black-2048x527.png 2048w\" sizes=\"auto, (max-width: 1024px) 100vw, 1024px\" \/><\/figure>\n\n<h2 class=\"wp-block-heading\"><\/h2>\n\n<p><br\/><\/p>\n\n<h1 class=\"wp-block-heading alignwide has-text-align-center\" id=\"we-re-a-studio-in-berlin-with-an-international-practice-in-architecture-urban-planning-and-interior-design-we-believe-in-sharing-knowledge-and-promoting-dialogue-to-increase-the-creative-potential-of-collaboration\" style=\"font-size:clamp(27.894px, 1.743rem + ((1vw - 3.2px) * 1.971), 48px);line-height:1.1\"><strong>Stadtbezirksamt Br\u00fcnn-L\u00ed\u0161e\u0148<\/strong><\/h1>\n\n<p class=\"has-text-align-center\">Verwendung vorhandener Daten<\/p>\n\n<div class=\"wp-block-columns alignwide is-layout-flex wp-container-core-columns-is-layout-28f84493 wp-block-columns-is-layout-flex\">\n<div class=\"wp-block-column is-layout-flow wp-block-column-is-layout-flow\">\n<figure class=\"wp-block-image size-full\" style=\"margin-bottom:24px\"><img loading=\"lazy\" decoding=\"async\" width=\"568\" height=\"504\" src=\"https:\/\/www.roadside.vision\/wp-content\/uploads\/2026\/03\/Screenshot-2026-03-26-122141.png\" alt=\"\" class=\"wp-image-270\" style=\"aspect-ratio:4\/3;object-fit:cover\" srcset=\"https:\/\/www.roadside.vision\/wp-content\/uploads\/2026\/03\/Screenshot-2026-03-26-122141.png 568w, https:\/\/www.roadside.vision\/wp-content\/uploads\/2026\/03\/Screenshot-2026-03-26-122141-300x266.png 300w\" sizes=\"auto, (max-width: 568px) 100vw, 568px\" \/><\/figure>\n\n\n\n<h3 class=\"wp-block-heading has-medium-font-size\"><strong>Einzigartige Umgebung zur Auswahl des Analysebereichs<\/strong><\/h3>\n\n\n\n<ul class=\"wp-block-list\">\n<li class=\"has-medium-font-size\">Per Klick ausgew\u00e4hlter Bereich, der kartiert werden muss<\/li>\n\n\n\n<li class=\"has-medium-font-size\">Ausgew\u00e4hlter Bereich blau markiert<\/li>\n<\/ul>\n<\/div>\n\n\n\n<div class=\"wp-block-column is-layout-flow wp-block-column-is-layout-flow\">\n<figure class=\"wp-block-image size-full\" style=\"margin-bottom:24px\"><img loading=\"lazy\" decoding=\"async\" width=\"771\" height=\"580\" src=\"https:\/\/www.roadside.vision\/wp-content\/uploads\/2026\/03\/Screenshot-2026-03-24-at-2.43.23-PM.png\" alt=\"\" class=\"wp-image-200\" style=\"aspect-ratio:4\/3;object-fit:cover\" srcset=\"https:\/\/www.roadside.vision\/wp-content\/uploads\/2026\/03\/Screenshot-2026-03-24-at-2.43.23-PM.png 771w, https:\/\/www.roadside.vision\/wp-content\/uploads\/2026\/03\/Screenshot-2026-03-24-at-2.43.23-PM-300x226.png 300w, https:\/\/www.roadside.vision\/wp-content\/uploads\/2026\/03\/Screenshot-2026-03-24-at-2.43.23-PM-768x578.png 768w\" sizes=\"auto, (max-width: 771px) 100vw, 771px\" \/><\/figure>\n\n\n\n<h3 class=\"wp-block-heading has-medium-font-size\"><strong>Analyse abgeschlossen \u2013 Visualisierung<\/strong><\/h3>\n\n\n\n<ul class=\"wp-block-list\">\n<li class=\"has-medium-font-size\">Auswahl des Visualisierungstyps und der Kartenebene<\/li>\n\n\n\n<li class=\"has-medium-font-size\">Einfacher Download des Analyseergebnisses<\/li>\n<\/ul>\n<\/div>\n\n\n\n<div class=\"wp-block-column is-layout-flow wp-block-column-is-layout-flow\">\n<figure class=\"wp-block-image size-full is-resized\" style=\"margin-bottom:24px\"><img loading=\"lazy\" decoding=\"async\" width=\"341\" height=\"305\" src=\"https:\/\/www.roadside.vision\/wp-content\/uploads\/2026\/03\/Screenshot-2026-03-26-at-2.50.42-PM.png\" alt=\"\" class=\"wp-image-306\" style=\"aspect-ratio:1.3333333333333333;object-fit:cover;width:363px;height:auto\" srcset=\"https:\/\/www.roadside.vision\/wp-content\/uploads\/2026\/03\/Screenshot-2026-03-26-at-2.50.42-PM.png 341w, https:\/\/www.roadside.vision\/wp-content\/uploads\/2026\/03\/Screenshot-2026-03-26-at-2.50.42-PM-300x268.png 300w\" sizes=\"auto, (max-width: 341px) 100vw, 341px\" \/><\/figure>\n\n\n\n<h3 class=\"wp-block-heading has-medium-font-size\"><strong>Detailansicht des ausgew\u00e4hlten Baumes aus der Analyse<\/strong><\/h3>\n\n\n\n<ul class=\"wp-block-list\">\n<li class=\"has-medium-font-size\">Anzeige der \u201eKarte\u201c des jeweiligen Baumes aus der Map und weitere Informationen<\/li>\n\n\n\n<li class=\"has-medium-font-size\">M\u00f6glichkeit der Anzeige aus verschiedenen Blickwinkeln<\/li>\n<\/ul>\n<\/div>\n<\/div>\n\n<div class=\"wp-block-group has-global-padding is-layout-constrained wp-container-core-group-is-layout-346627ba wp-block-group-is-layout-constrained\"><\/div>\n\n<p><br\/><\/p>\n\n<div class=\"wp-block-group has-global-padding is-layout-constrained wp-container-core-group-is-layout-346627ba wp-block-group-is-layout-constrained\">\n<h1 class=\"wp-block-heading alignwide has-text-align-center\" id=\"we-re-a-studio-in-berlin-with-an-international-practice-in-architecture-urban-planning-and-interior-design-we-believe-in-sharing-knowledge-and-promoting-dialogue-to-increase-the-creative-potential-of-collaboration\" style=\"font-size:clamp(27.894px, 1.743rem + ((1vw - 3.2px) * 1.971), 48px);line-height:1.1\"><strong><strong>Chrudim &amp; B\u00e4ume:<\/strong><\/strong><br\/><strong><strong>gez\u00e4hlt, zusammengefasst<\/strong><\/strong> <\/h1>\n\n\n\n<p class=\"has-text-align-center\">Bei dem Projekt f\u00fcr Chrudim haben wir mit den Unternehmen <strong>GEODROM und INTEGRA<\/strong> zusammengearbeitet. Dank ihrer Technologien ist es m\u00f6glich, die Umgebung von Stra\u00dfen hervorragend zu dokumentieren und sehr hochwertige Daten mit einer Kamera oder einem LiDAR auf einem Auto zu erhalten. Als erfahrene Akteure auf dem Markt haben sie auch einen \u00dcberblick \u00fcber die Notwendigkeit und die T\u00fccken der Kartierung verschiedener Elemente in Gemeinden und Landkreisen, so dass sie auch wertvolle Einblicke in die Problematik der Inventarisierung lieferten.  <\/p>\n\n\n\n<blockquote class=\"wp-block-quote has-medium-font-size is-layout-flow wp-container-core-quote-is-layout-8aca2501 wp-block-quote-is-layout-flow\" style=\"margin-top:var(--wp--preset--spacing--30);margin-right:var(--wp--preset--spacing--50);margin-bottom:var(--wp--preset--spacing--30);margin-left:var(--wp--preset--spacing--50);padding-top:var(--wp--preset--spacing--20);padding-right:var(--wp--preset--spacing--40);padding-bottom:var(--wp--preset--spacing--20);padding-left:var(--wp--preset--spacing--40)\">\n<p class=\"has-medium-font-size\" style=\"margin-right:0;margin-left:0;padding-top:0;padding-bottom:0\"><strong>Kurz gesagt: <\/strong><\/p>\n\n\n\n<p class=\"has-medium-font-size\" style=\"margin-right:0;margin-left:0;padding-top:0;padding-bottom:0\"><strong>3 Tage. 200 km<\/strong>. Und 10.000 untersuchte B\u00e4ume. <\/p>\n<\/blockquote>\n\n\n\n<figure class=\"wp-block-image size-full\"><img loading=\"lazy\" decoding=\"async\" width=\"885\" height=\"811\" src=\"https:\/\/www.roadside.vision\/wp-content\/uploads\/2025\/12\/image.png\" alt=\"\" class=\"wp-image-104\" srcset=\"https:\/\/www.roadside.vision\/wp-content\/uploads\/2025\/12\/image.png 885w, https:\/\/www.roadside.vision\/wp-content\/uploads\/2025\/12\/image-300x275.png 300w, https:\/\/www.roadside.vision\/wp-content\/uploads\/2025\/12\/image-768x704.png 768w\" sizes=\"auto, (max-width: 885px) 100vw, 885px\" \/><\/figure>\n\n\n\n<p class=\"has-text-align-center has-medium-font-size\"><\/p>\n<\/div>\n\n<div class=\"wp-block-group alignfull is-style-section-5 has-custom-color-3-background-color has-background has-global-padding is-layout-constrained wp-container-core-group-is-layout-0c9c989a wp-block-group-is-layout-constrained is-style-section-5--1\" style=\"min-height:0vh;margin-top:0;margin-bottom:0;padding-top:var(--wp--preset--spacing--70);padding-right:var(--wp--preset--spacing--40);padding-bottom:var(--wp--preset--spacing--70);padding-left:var(--wp--preset--spacing--40)\">\n<h2 class=\"wp-block-heading has-text-align-center has-medium-font-size\"><strong>roadside.vision in der Praxis<\/strong><\/h2>\n\n\n\n<div class=\"wp-block-group has-global-padding is-layout-constrained wp-container-core-group-is-layout-346627ba wp-block-group-is-layout-constrained\">\n<div class=\"wp-block-group is-nowrap is-layout-flex wp-container-core-group-is-layout-6c531013 wp-block-group-is-layout-flex\">\n<div class=\"wp-block-cover\" style=\"min-height:253px;aspect-ratio:unset;\"><img loading=\"lazy\" decoding=\"async\" width=\"1024\" height=\"219\" class=\"wp-block-cover__image-background wp-image-18\" alt=\"\" src=\"https:\/\/www.roadside.vision\/wp-content\/uploads\/2025\/10\/Snimek-obrazovky-2025-10-17-v-8.57.32-1024x219.png\" style=\"object-position:64% 92%\" data-object-fit=\"cover\" data-object-position=\"64% 92%\" srcset=\"https:\/\/www.roadside.vision\/wp-content\/uploads\/2025\/10\/Snimek-obrazovky-2025-10-17-v-8.57.32-1024x219.png 1024w, https:\/\/www.roadside.vision\/wp-content\/uploads\/2025\/10\/Snimek-obrazovky-2025-10-17-v-8.57.32-300x64.png 300w, https:\/\/www.roadside.vision\/wp-content\/uploads\/2025\/10\/Snimek-obrazovky-2025-10-17-v-8.57.32-768x165.png 768w, https:\/\/www.roadside.vision\/wp-content\/uploads\/2025\/10\/Snimek-obrazovky-2025-10-17-v-8.57.32-1536x329.png 1536w, https:\/\/www.roadside.vision\/wp-content\/uploads\/2025\/10\/Snimek-obrazovky-2025-10-17-v-8.57.32.png 1876w\" sizes=\"auto, (max-width: 1024px) 100vw, 1024px\" \/><span aria-hidden=\"true\" class=\"wp-block-cover__background has-background-dim\"><\/span><div class=\"wp-block-cover__inner-container is-layout-flow wp-block-cover-is-layout-flow\">\n<p class=\"has-text-align-center has-medium-font-size\">Spoiler-Alarm: <br\/><strong>Transparenter Preis pro Stra\u00dfenkilometer, <\/strong><strong>nicht nach Anzahl der B\u00e4ume.<\/strong><br\/>Einzigartiger Vorteil f\u00fcr \u00f6ffentliche Ausschreibungen. <\/p>\n<\/div><\/div>\n\n\n\n<div class=\"wp-block-group has-global-padding is-layout-constrained wp-block-group-is-layout-constrained\">\n<p class=\"has-medium-font-size\" style=\"padding-top:0;padding-right:0;padding-bottom:0;padding-left:0\">9 Stunden Fahrt \u2192 225.000 Fotos<\/p>\n\n\n\n<p class=\"has-medium-font-size\" style=\"padding-top:0;padding-right:0;padding-bottom:0;padding-left:0\">2 Tage Arbeit \u2192 \u00dcbersicht \u00fcber 10.000 B\u00e4ume<\/p>\n\n\n\n<p class=\"has-medium-font-size\" style=\"padding-top:0;padding-right:0;padding-bottom:0;padding-left:0\">200 km kartierte Stra\u00dfen in Chrudim<\/p>\n<\/div>\n<\/div>\n<\/div>\n<\/div>\n\n<div class=\"wp-block-group has-global-padding is-layout-constrained wp-container-core-group-is-layout-346627ba wp-block-group-is-layout-constrained\">\n<p class=\"is-style-text-subtitle has-medium-font-size is-style-text-subtitle--2\" style=\"line-height:1.5\"><\/p>\n\n\n\n<p class=\"is-style-text-subtitle has-border-color has-medium-font-size is-style-text-subtitle--3\" style=\"border-color:#111111;border-width:1px;border-radius:0px;padding-top:var(--wp--preset--spacing--20);padding-right:var(--wp--preset--spacing--20);padding-bottom:var(--wp--preset--spacing--20);padding-left:var(--wp--preset--spacing--20);line-height:1.6\"><strong>Mit nahezu 100%iger Sicherheit <br\/>erfassen und identifizieren wir einzelne B\u00e4ume in Stra\u00dfenn\u00e4he,<\/strong><br\/>in der Gemeinde liegt unsere Erfolgsquote bei 90 %. <\/p>\n<\/div>\n\n<h2 class=\"wp-block-heading alignwide has-text-align-center\">Beispiele der Ergebnisse f\u00fcr Chrudim<\/h2>\n\n<div class=\"wp-block-columns alignwide is-layout-flex wp-container-core-columns-is-layout-28f84493 wp-block-columns-is-layout-flex\">\n<div class=\"wp-block-column is-layout-flow wp-block-column-is-layout-flow\">\n<figure class=\"wp-block-image size-full\" style=\"margin-bottom:24px\"><img loading=\"lazy\" decoding=\"async\" width=\"512\" height=\"425\" src=\"https:\/\/www.roadside.vision\/wp-content\/uploads\/2025\/12\/unnamed.png\" alt=\"\" class=\"wp-image-100\" style=\"aspect-ratio:4\/3;object-fit:cover\" srcset=\"https:\/\/www.roadside.vision\/wp-content\/uploads\/2025\/12\/unnamed.png 512w, https:\/\/www.roadside.vision\/wp-content\/uploads\/2025\/12\/unnamed-300x249.png 300w\" sizes=\"auto, (max-width: 512px) 100vw, 512px\" \/><\/figure>\n\n\n\n<h3 class=\"wp-block-heading has-medium-font-size\"><strong>Detektion der Existenz <\/strong><\/h3>\n\n\n\n<ul class=\"wp-block-list\">\n<li class=\"has-medium-font-size\">freistehende B\u00e4ume\n<ul class=\"wp-block-list\">\n<li>Innerorts (Gemeinde) &#8211; Empfindlichkeit 91%, Fehlerrate 16%<\/li>\n\n\n\n<li class=\"has-medium-font-size\">Au\u00dferorts (au\u00dferhalb der Gemeinde) &#8211; Empfindlichkeit 99%, Fehlerrate 1%<\/li>\n<\/ul>\n<\/li>\n\n\n\n<li class=\"has-medium-font-size\">Baumgruppen und zusammenh\u00e4ngender Bestand<\/li>\n<\/ul>\n<\/div>\n\n\n\n<div class=\"wp-block-column is-layout-flow wp-block-column-is-layout-flow\">\n<figure class=\"wp-block-image size-full\" style=\"margin-bottom:24px\"><img loading=\"lazy\" decoding=\"async\" width=\"1470\" height=\"1100\" src=\"https:\/\/www.roadside.vision\/wp-content\/uploads\/2025\/10\/image-1.png\" alt=\"\" class=\"wp-image-10\" style=\"aspect-ratio:4\/3;object-fit:cover\" srcset=\"https:\/\/www.roadside.vision\/wp-content\/uploads\/2025\/10\/image-1.png 1470w, https:\/\/www.roadside.vision\/wp-content\/uploads\/2025\/10\/image-1-300x224.png 300w, https:\/\/www.roadside.vision\/wp-content\/uploads\/2025\/10\/image-1-1024x766.png 1024w, https:\/\/www.roadside.vision\/wp-content\/uploads\/2025\/10\/image-1-768x575.png 768w\" sizes=\"auto, (max-width: 1470px) 100vw, 1470px\" \/><\/figure>\n\n\n\n<h3 class=\"wp-block-heading has-medium-font-size\"><strong>Position<\/strong> <br\/>(durchschnittlicher Fehler +-20cm)<\/h3>\n\n\n\n<ul class=\"wp-block-list\">\n<li class=\"has-medium-font-size\">Erfassung im Raum, wo genau sich der Baum befindet <\/li>\n\n\n\n<li class=\"has-medium-font-size\">Abstand vom Stra\u00dfenrand<\/li>\n<\/ul>\n<\/div>\n\n\n\n<div class=\"wp-block-column is-layout-flow wp-block-column-is-layout-flow\">\n<figure class=\"wp-block-image size-large is-resized\"><img loading=\"lazy\" decoding=\"async\" width=\"1022\" height=\"1024\" src=\"https:\/\/www.roadside.vision\/wp-content\/uploads\/2025\/10\/image-3-1022x1024.png\" alt=\"\" class=\"wp-image-12\" style=\"aspect-ratio:0.9980806142034548;width:203px;height:auto\" srcset=\"https:\/\/www.roadside.vision\/wp-content\/uploads\/2025\/10\/image-3-1022x1024.png 1022w, https:\/\/www.roadside.vision\/wp-content\/uploads\/2025\/10\/image-3-300x300.png 300w, https:\/\/www.roadside.vision\/wp-content\/uploads\/2025\/10\/image-3-150x150.png 150w, https:\/\/www.roadside.vision\/wp-content\/uploads\/2025\/10\/image-3-768x769.png 768w, https:\/\/www.roadside.vision\/wp-content\/uploads\/2025\/10\/image-3.png 1042w\" sizes=\"auto, (max-width: 1022px) 100vw, 1022px\" \/><\/figure>\n\n\n\n<p class=\"has-medium-font-size\"><strong>Gattung und Parameter des Baumes<\/strong> <br\/>(durchschnittlicher Fehler +- 15%)<\/p>\n\n\n\n<ul class=\"wp-block-list\">\n<li class=\"has-medium-font-size\">TOP 3 Vorhersagen der Gattung<\/li>\n\n\n\n<li class=\"has-medium-font-size\">Baumh\u00f6he <\/li>\n\n\n\n<li class=\"has-medium-font-size\">Stammdurchmesser <\/li>\n\n\n\n<li class=\"has-medium-font-size\">Stammumfang <\/li>\n\n\n\n<li class=\"has-medium-font-size\">Bei Interesse Kronendurchmesser, Holzvolumen<\/li>\n<\/ul>\n<\/div>\n\n\n\n<div class=\"wp-block-column is-layout-flow wp-block-column-is-layout-flow\">\n<figure class=\"wp-block-image size-full\" style=\"margin-bottom:24px\"><img loading=\"lazy\" decoding=\"async\" width=\"784\" height=\"783\" src=\"https:\/\/www.roadside.vision\/wp-content\/uploads\/2025\/10\/image-5.png\" alt=\"\" class=\"wp-image-14\" style=\"aspect-ratio:4\/3;object-fit:cover\" srcset=\"https:\/\/www.roadside.vision\/wp-content\/uploads\/2025\/10\/image-5.png 784w, https:\/\/www.roadside.vision\/wp-content\/uploads\/2025\/10\/image-5-300x300.png 300w, https:\/\/www.roadside.vision\/wp-content\/uploads\/2025\/10\/image-5-150x150.png 150w, https:\/\/www.roadside.vision\/wp-content\/uploads\/2025\/10\/image-5-768x767.png 768w\" sizes=\"auto, (max-width: 784px) 100vw, 784px\" \/><\/figure>\n\n\n\n<h3 class=\"wp-block-heading has-medium-font-size\"><strong>Indikation des Gesundheitszustands und der Sicherheit<\/strong> <br\/>(Genauigkeit 80%)<\/h3>\n\n\n\n<ul class=\"wp-block-list\">\n<li class=\"has-medium-font-size\">Vitalit\u00e4t &#8211; Empfindlichkeit 65%<\/li>\n\n\n\n<li class=\"has-medium-font-size\">Gesundheit &#8211; Empfindlichkeit 60%<\/li>\n\n\n\n<li class=\"has-medium-font-size\">Stabilit\u00e4t &#8211; Empfindlichkeit 20%<\/li>\n\n\n\n<li class=\"has-medium-font-size\">Sicherheit &#8211; Empfindlichkeit 20%<\/li>\n<\/ul>\n<\/div>\n<\/div>\n\n<p class=\"has-text-align-center\"><\/p>\n\n<aside class=\"wp-block-group alignfull is-style-section-5 has-custom-color-3-background-color has-background has-global-padding is-layout-constrained wp-container-core-group-is-layout-f0f2a97b wp-block-group-is-layout-constrained is-style-section-5--4\" style=\"margin-top:0;margin-bottom:0;padding-top:var(--wp--preset--spacing--50);padding-right:var(--wp--preset--spacing--50);padding-bottom:var(--wp--preset--spacing--50);padding-left:var(--wp--preset--spacing--50)\">\n<div class=\"wp-block-group is-style-default is-vertical is-content-justification-center is-layout-flex wp-container-core-group-is-layout-8778ca4a wp-block-group-is-layout-flex\" style=\"min-height:360px;margin-top:0;margin-bottom:0\">\n<h2 class=\"wp-block-heading has-text-align-center has-xx-large-font-size\">W\u00e4re eine schnelle Baumbestimmung auf einer gr\u00f6\u00dferen Fl\u00e4che auch f\u00fcr Sie n\u00fctzlich?<\/h2>\n\n\n\n<p><\/p>\n\n\n\n<p class=\"has-text-align-left is-style-text-subtitle has-medium-font-size is-style-text-subtitle--5\">Wir begr\u00fc\u00dfen die Anregungen und das Interesse, die von verschiedenen Seiten und aus verschiedenen L\u00e4ndern an uns herangetragen werden. Schon jetzt erzielen wir sehr gute Ergebnisse bei der Baumbestimmung, die Baumpflegern im Au\u00dfendienst Zeit und Energie sparen und letztendlich auch den Beh\u00f6rden in Gemeinden und Landkreisen viel Arbeit und Geld \u2013 das sind alles Ressourcen, die jetzt anderweitig gut eingesetzt werden k\u00f6nnen. Dar\u00fcber hinaus verbessert sich Roadside.Vision dank des Lernens aus realen Daten jeden Tag. <\/p>\n\n\n\n<p><\/p>\n\n\n\n<p class=\"has-text-align-center is-style-text-subtitle is-style-text-subtitle--6\">Schreiben Sie uns und probieren Sie es aus, jetzt ist der richtige Zeitpunkt.<\/p>\n\n\n\n<div style=\"height:0px\" aria-hidden=\"true\" class=\"wp-block-spacer wp-container-content-62aae154\"><\/div>\n\n\n\n<div class=\"wp-block-buttons is-content-justification-center is-layout-flex wp-container-core-buttons-is-layout-a89b3969 wp-block-buttons-is-layout-flex\">\n<div class=\"wp-block-button\"><a class=\"wp-block-button__link has-base-color has-custom-cta-zv-razn-n-background-color has-text-color has-background has-link-color has-text-align-center wp-element-button\" href=\"https:\/\/docs.google.com\/forms\/d\/e\/1FAIpQLScUhkn-Jx37CTkAWYh8uNhLrBM969fVnofCLz9eT5RwJ5G9vw\/viewform?usp=header\">Ich m\u00f6chte ein unverbindliches Angebot anfordern<\/a><\/div>\n<\/div>\n<\/div>\n<\/aside>\n\n<p class=\"has-text-align-center\"><\/p>\n\n<p><\/p>\n","protected":false},"excerpt":{"rendered":"<p>Stadtbezirksamt Br\u00fcnn-L\u00ed\u0161e\u0148 Verwendung vorhandener Daten Einzigartige Umgebung zur Auswahl des Analysebereichs Analyse abgeschlossen \u2013 Visualisierung Detailansicht des ausgew\u00e4hlten Baumes aus der Analyse Chrudim &amp; B\u00e4ume:gez\u00e4hlt, zusammengefasst Bei dem Projekt f\u00fcr Chrudim haben wir mit den Unternehmen GEODROM und INTEGRA zusammengearbeitet. Dank ihrer Technologien ist es m\u00f6glich, die Umgebung von Stra\u00dfen hervorragend zu dokumentieren und sehr [&hellip;]<\/p>\n","protected":false},"author":1,"featured_media":0,"parent":0,"menu_order":0,"comment_status":"closed","ping_status":"closed","template":"","meta":{"footnotes":""},"class_list":["post-248","page","type-page","status-publish","hentry"],"_links":{"self":[{"href":"https:\/\/www.roadside.vision\/de\/wp-json\/wp\/v2\/pages\/248","targetHints":{"allow":["GET"]}}],"collection":[{"href":"https:\/\/www.roadside.vision\/de\/wp-json\/wp\/v2\/pages"}],"about":[{"href":"https:\/\/www.roadside.vision\/de\/wp-json\/wp\/v2\/types\/page"}],"author":[{"embeddable":true,"href":"https:\/\/www.roadside.vision\/de\/wp-json\/wp\/v2\/users\/1"}],"replies":[{"embeddable":true,"href":"https:\/\/www.roadside.vision\/de\/wp-json\/wp\/v2\/comments?post=248"}],"version-history":[{"count":12,"href":"https:\/\/www.roadside.vision\/de\/wp-json\/wp\/v2\/pages\/248\/revisions"}],"predecessor-version":[{"id":328,"href":"https:\/\/www.roadside.vision\/de\/wp-json\/wp\/v2\/pages\/248\/revisions\/328"}],"wp:attachment":[{"href":"https:\/\/www.roadside.vision\/de\/wp-json\/wp\/v2\/media?parent=248"}],"curies":[{"name":"wp","href":"https:\/\/api.w.org\/{rel}","templated":true}]}}